{"id":68,"date":"2022-03-09T02:59:42","date_gmt":"2022-03-09T02:59:42","guid":{"rendered":"http:\/\/www.velasdulceesencia.com\/blog\/?page_id=68"},"modified":"2022-03-11T02:41:34","modified_gmt":"2022-03-11T02:41:34","slug":"eventos-sociales","status":"publish","type":"page","link":"http:\/\/www.velasdulceesencia.com\/blog\/eventos-sociales\/","title":{"rendered":"Eventos Sociales"},"content":{"rendered":"\n<p class=\"has-drop-cap has-text-align-center has-large-font-size\">Si est\u00e1s buscando recordatorios para boda, cumplea\u00f1os, 15 a\u00f1os o una actividad especial empresarial te podemos ayudar, tenemos varias opciones que puedes personalizar, o dar un detalle \u00fanico y especial.<\/p>\n","protected":false},"excerpt":{"rendered":"<p>Si est\u00e1s buscando recordatorios para boda, cumplea\u00f1os, 15 a\u00f1os o una actividad especial empresarial te podemos ayudar, tenemos varias opciones que puedes personalizar, o dar un detalle \u00fanico y especial.<\/p>\n","protected":false},"author":1,"featured_media":0,"parent":0,"menu_order":0,"comment_status":"closed","ping_status":"closed","template":"","meta":{"_coblocks_attr":"","_coblocks_dimensions":"","_coblocks_responsive_height":"","_coblocks_accordion_ie_support":"","hide_page_title":""},"_links":{"self":[{"href":"http:\/\/www.velasdulceesencia.com\/blog\/wp-json\/wp\/v2\/pages\/68"}],"collection":[{"href":"http:\/\/www.velasdulceesencia.com\/blog\/wp-json\/wp\/v2\/pages"}],"about":[{"href":"http:\/\/www.velasdulceesencia.com\/blog\/wp-json\/wp\/v2\/types\/page"}],"author":[{"embeddable":true,"href":"http:\/\/www.velasdulceesencia.com\/blog\/wp-json\/wp\/v2\/users\/1"}],"replies":[{"embeddable":true,"href":"http:\/\/www.velasdulceesencia.com\/blog\/wp-json\/wp\/v2\/comments?post=68"}],"version-history":[{"count":4,"href":"http:\/\/www.velasdulceesencia.com\/blog\/wp-json\/wp\/v2\/pages\/68\/revisions"}],"predecessor-version":[{"id":114,"href":"http:\/\/www.velasdulceesencia.com\/blog\/wp-json\/wp\/v2\/pages\/68\/revisions\/114"}],"wp:attachment":[{"href":"http:\/\/www.velasdulceesencia.com\/blog\/wp-json\/wp\/v2\/media?parent=68"}],"curies":[{"name":"wp","href":"https:\/\/api.w.org\/{rel}","templated":true}]}}