{"id":35,"date":"2022-03-09T02:29:51","date_gmt":"2022-03-09T02:29:51","guid":{"rendered":"http:\/\/www.velasdulceesencia.com\/blog\/acerca-de\/"},"modified":"2022-03-09T02:29:51","modified_gmt":"2022-03-09T02:29:51","slug":"acerca-de","status":"publish","type":"page","link":"http:\/\/www.velasdulceesencia.com\/blog\/acerca-de\/","title":{"rendered":"Acerca de"},"content":{"rendered":"\n<figure class=\"wp-block-image alignwide size-full\"><img loading=\"lazy\" width=\"1600\" height=\"800\" src=\"http:\/\/www.velasdulceesencia.com\/blog\/wp-content\/uploads\/2022\/03\/about-image-1.jpg\" alt=\"Descripci\u00f3n de la imagen\" class=\"wp-image-15\" srcset=\"http:\/\/www.velasdulceesencia.com\/blog\/wp-content\/uploads\/2022\/03\/about-image-1.jpg 1600w, http:\/\/www.velasdulceesencia.com\/blog\/wp-content\/uploads\/2022\/03\/about-image-1-300x150.jpg 300w, http:\/\/www.velasdulceesencia.com\/blog\/wp-content\/uploads\/2022\/03\/about-image-1-1024x512.jpg 1024w, http:\/\/www.velasdulceesencia.com\/blog\/wp-content\/uploads\/2022\/03\/about-image-1-768x384.jpg 768w, http:\/\/www.velasdulceesencia.com\/blog\/wp-content\/uploads\/2022\/03\/about-image-1-1536x768.jpg 1536w\" sizes=\"(max-width: 1600px) 100vw, 1600px\" \/><\/figure>\n\n\n\n<h1 class=\"has-text-align-center\">Hola, soy Sophia<\/h1>\n\n\n\n<p>Me he dedicado a la panader\u00eda desde hace mucho tiempo, pero eso no significa que necesitas much\u00edsima experiencia para seguir mis recetas. Trabajo para que mis recetas sean interesantes para cocineros expertos, pero que a la vez sean accesibles para los principiantes.&nbsp;<\/p>\n\n\n\n<p>Abordo la cocina con un \u00e9nfasis en la familia: bocadillos amables y las maneras m\u00e1s sabrosas de comer juntos de modo saludable. Cuando no estoy en mi cocina, con frecuencia hago caminatas por las monta\u00f1as alrededor de mi casa y exploro los mejores lugares en donde comer en los Estados Unidos.<\/p>\n\n\n\n<p>La comida tiene una habilidad especial de reunir a las personas. Esto lo encuentro en mi propia vida y espero que encuentres que esta comunidad en l\u00ednea se siente tan acogedora como una cocina verdadera. Para m\u00ed, hornear juntos crea las mejores comunidades. \u00a1Comencemos a hornear juntos!<\/p>\n\n\n\n<figure class=\"wp-block-gallery alignwide columns-2 is-cropped\"><ul class=\"blocks-gallery-grid\"><li class=\"blocks-gallery-item\"><figure><img loading=\"lazy\" width=\"900\" height=\"600\" src=\"http:\/\/www.velasdulceesencia.com\/blog\/wp-content\/uploads\/2022\/03\/about-image-2.jpg\" alt=\"Descripci\u00f3n de la imagen\" data-id=\"16\" data-link=\"http:\/\/www.velasdulceesencia.com\/blog\/about-image-2\/\" class=\"wp-image-16\" srcset=\"http:\/\/www.velasdulceesencia.com\/blog\/wp-content\/uploads\/2022\/03\/about-image-2.jpg 900w, http:\/\/www.velasdulceesencia.com\/blog\/wp-content\/uploads\/2022\/03\/about-image-2-300x200.jpg 300w, http:\/\/www.velasdulceesencia.com\/blog\/wp-content\/uploads\/2022\/03\/about-image-2-768x512.jpg 768w\" sizes=\"(max-width: 900px) 100vw, 900px\" \/><\/figure><\/li><li class=\"blocks-gallery-item\"><figure><img loading=\"lazy\" width=\"900\" height=\"600\" src=\"http:\/\/www.velasdulceesencia.com\/blog\/wp-content\/uploads\/2022\/03\/about-image-3.jpg\" alt=\"Descripci\u00f3n de la imagen\" data-id=\"17\" data-link=\"http:\/\/www.velasdulceesencia.com\/blog\/about-image-3\/\" class=\"wp-image-17\" srcset=\"http:\/\/www.velasdulceesencia.com\/blog\/wp-content\/uploads\/2022\/03\/about-image-3.jpg 900w, http:\/\/www.velasdulceesencia.com\/blog\/wp-content\/uploads\/2022\/03\/about-image-3-300x200.jpg 300w, http:\/\/www.velasdulceesencia.com\/blog\/wp-content\/uploads\/2022\/03\/about-image-3-768x512.jpg 768w\" sizes=\"(max-width: 900px) 100vw, 900px\" \/><\/figure><\/li><li class=\"blocks-gallery-item\"><figure><img loading=\"lazy\" width=\"900\" height=\"600\" src=\"http:\/\/www.velasdulceesencia.com\/blog\/wp-content\/uploads\/2022\/03\/about-image-4.jpg\" alt=\"Descripci\u00f3n de la imagen\" data-id=\"18\" data-link=\"http:\/\/www.velasdulceesencia.com\/blog\/about-image-4\/\" class=\"wp-image-18\" srcset=\"http:\/\/www.velasdulceesencia.com\/blog\/wp-content\/uploads\/2022\/03\/about-image-4.jpg 900w, http:\/\/www.velasdulceesencia.com\/blog\/wp-content\/uploads\/2022\/03\/about-image-4-300x200.jpg 300w, http:\/\/www.velasdulceesencia.com\/blog\/wp-content\/uploads\/2022\/03\/about-image-4-768x512.jpg 768w\" sizes=\"(max-width: 900px) 100vw, 900px\" \/><\/figure><\/li><li class=\"blocks-gallery-item\"><figure><img loading=\"lazy\" width=\"900\" height=\"600\" src=\"http:\/\/www.velasdulceesencia.com\/blog\/wp-content\/uploads\/2022\/03\/about-image-5.jpg\" alt=\"Descripci\u00f3n de la imagen\" data-id=\"19\" data-full-url=\"http:\/\/www.velasdulceesencia.com\/blog\/wp-content\/uploads\/2022\/03\/about-image-5.jpg\" data-link=\"http:\/\/www.velasdulceesencia.com\/blog\/about-image-5\/\" class=\"wp-image-19\" srcset=\"http:\/\/www.velasdulceesencia.com\/blog\/wp-content\/uploads\/2022\/03\/about-image-5.jpg 900w, http:\/\/www.velasdulceesencia.com\/blog\/wp-content\/uploads\/2022\/03\/about-image-5-300x200.jpg 300w, http:\/\/www.velasdulceesencia.com\/blog\/wp-content\/uploads\/2022\/03\/about-image-5-768x512.jpg 768w\" sizes=\"(max-width: 900px) 100vw, 900px\" \/><\/figure><\/li><\/ul><\/figure>\n","protected":false},"excerpt":{"rendered":"<p>Hola, soy Sophia Me he dedicado a la panader\u00eda desde hace mucho tiempo, pero eso no significa que necesitas much\u00edsima experiencia para seguir mis recetas. Trabajo para que mis recetas sean interesantes para cocineros expertos, pero que a la vez sean accesibles para los principiantes.&nbsp; Abordo la cocina con un \u00e9nfasis en la familia: bocadillos [&hellip;]<\/p>\n","protected":false},"author":1,"featured_media":0,"parent":0,"menu_order":0,"comment_status":"closed","ping_status":"closed","template":"","meta":{"_coblocks_attr":"","_coblocks_dimensions":"","_coblocks_responsive_height":"","_coblocks_accordion_ie_support":"","hide_page_title":""},"_links":{"self":[{"href":"http:\/\/www.velasdulceesencia.com\/blog\/wp-json\/wp\/v2\/pages\/35"}],"collection":[{"href":"http:\/\/www.velasdulceesencia.com\/blog\/wp-json\/wp\/v2\/pages"}],"about":[{"href":"http:\/\/www.velasdulceesencia.com\/blog\/wp-json\/wp\/v2\/types\/page"}],"author":[{"embeddable":true,"href":"http:\/\/www.velasdulceesencia.com\/blog\/wp-json\/wp\/v2\/users\/1"}],"replies":[{"embeddable":true,"href":"http:\/\/www.velasdulceesencia.com\/blog\/wp-json\/wp\/v2\/comments?post=35"}],"version-history":[{"count":1,"href":"http:\/\/www.velasdulceesencia.com\/blog\/wp-json\/wp\/v2\/pages\/35\/revisions"}],"predecessor-version":[{"id":44,"href":"http:\/\/www.velasdulceesencia.com\/blog\/wp-json\/wp\/v2\/pages\/35\/revisions\/44"}],"wp:attachment":[{"href":"http:\/\/www.velasdulceesencia.com\/blog\/wp-json\/wp\/v2\/media?parent=35"}],"curies":[{"name":"wp","href":"https:\/\/api.w.org\/{rel}","templated":true}]}}